{"id":815,"date":"2016-03-04T21:34:31","date_gmt":"2016-03-04T21:34:31","guid":{"rendered":"http:\/\/ein-shop.pl\/wp\/?page_id=815"},"modified":"2016-03-04T21:34:31","modified_gmt":"2016-03-04T21:34:31","slug":"janina-brzostowska","status":"publish","type":"page","link":"http:\/\/demarczyk.pl\/wp\/janina-brzostowska\/","title":{"rendered":"Janina Brzostowska"},"content":{"rendered":"<p>&nbsp;<br \/>\n<strong>Brzostowska Janina<\/strong> (1897-1986), poetka i\u00a0prozaik. Studiowa\u0142a polonistyk\u0119 i romanistyk\u0119 w\u00a0Uniwersytecie Jagiello\u0144skim. Debiutowa\u0142a jako poetka w\u00a01915 na \u0142amach czasopisma szkolnego <em>Nasz \u0141an<\/em> w\u00a0Wadowicach. Nale\u017ca\u0142a do grupy poetyckiej Czartak. W\u00a0latach 1938-1939 redagowa\u0142a regionalne pismo <em>Skawa<\/em>. Od 1939 w\u00a0Warszawie.<\/p>\n<p>Opublikowa\u0142a m.in. zbiory wierszy: <em>Szcz\u0119\u015bcie w\u00a0cudzym mie\u015bcie<\/em> (1925), <em>Erotyki<\/em> (1926), <em>\u017bywio\u0142 i\u00a0\u015bpiew<\/em> (1939), <em>P\u0142omie\u0144 w\u00a0cierniach<\/em> (1947), <em>Wiersze<\/em> (1957), <em>Pozdrowienie<\/em> (1969), <em>\u015apiew przedwieczorny<\/em> (1979), <em>Poezje zebrane<\/em> (1981), a\u00a0tak\u017ce powie\u015bci: <em>Bezrobotni Warszawy<\/em> (1933), <em>Kobieta zdobywa \u015bwiat<\/em> (1939), <em>Lubuskie dziewanny<\/em> (1967).<br \/>\n&nbsp;<\/p>\n<hr noshade=\"noshade\" \/>\n<p><br class=\"clear\" \/><a href=\".?page_id=333\"><button style=\"font-size: 12px;\"><i class=\"fa fa-reply\"><\/i> <strong><em>Powr\u00f3t<\/em><\/strong><\/button><\/a><\/p>\n","protected":false},"excerpt":{"rendered":"<p>&nbsp; Brzostowska Janina (1897-1986), poetka i\u00a0prozaik. Studiowa\u0142a polonistyk\u0119 i romanistyk\u0119 w\u00a0Uniwersytecie Jagiello\u0144skim. Debiutowa\u0142a jako poetka w\u00a01915 na \u0142amach czasopisma szkolnego Nasz \u0141an w\u00a0Wadowicach. Nale\u017ca\u0142a do grupy poetyckiej Czartak. W\u00a0latach 1938-1939 redagowa\u0142a regionalne pismo Skawa. Od 1939 w\u00a0Warszawie. Opublikowa\u0142a m.in. zbiory wierszy: Szcz\u0119\u015bcie w\u00a0cudzym mie\u015bcie (1925), Erotyki (1926), \u017bywio\u0142 i\u00a0\u015bpiew (1939), P\u0142omie\u0144 w\u00a0cierniach (1947), Wiersze (1957), Pozdrowienie (1969), \u015apiew przedwieczorny (1979), Poezje zebrane (1981), a\u00a0tak\u017ce powie\u015bci: Bezrobotni Warszawy (1933), Kobieta zdobywa \u015bwiat (1939), Lubuskie dziewanny (1967). &nbsp; Powr\u00f3t<\/p>\n","protected":false},"author":1,"featured_media":0,"parent":0,"menu_order":0,"comment_status":"closed","ping_status":"closed","template":"","meta":[],"_links":{"self":[{"href":"http:\/\/demarczyk.pl\/wp\/wp-json\/wp\/v2\/pages\/815"}],"collection":[{"href":"http:\/\/demarczyk.pl\/wp\/wp-json\/wp\/v2\/pages"}],"about":[{"href":"http:\/\/demarczyk.pl\/wp\/wp-json\/wp\/v2\/types\/page"}],"author":[{"embeddable":true,"href":"http:\/\/demarczyk.pl\/wp\/wp-json\/wp\/v2\/users\/1"}],"replies":[{"embeddable":true,"href":"http:\/\/demarczyk.pl\/wp\/wp-json\/wp\/v2\/comments?post=815"}],"version-history":[{"count":1,"href":"http:\/\/demarczyk.pl\/wp\/wp-json\/wp\/v2\/pages\/815\/revisions"}],"predecessor-version":[{"id":816,"href":"http:\/\/demarczyk.pl\/wp\/wp-json\/wp\/v2\/pages\/815\/revisions\/816"}],"wp:attachment":[{"href":"http:\/\/demarczyk.pl\/wp\/wp-json\/wp\/v2\/media?parent=815"}],"curies":[{"name":"wp","href":"https:\/\/api.w.org\/{rel}","templated":true}]}}