{"id":741,"date":"2016-03-01T00:49:23","date_gmt":"2016-03-01T00:49:23","guid":{"rendered":"http:\/\/ein-shop.pl\/wp\/?page_id=741"},"modified":"2016-03-01T00:49:23","modified_gmt":"2016-03-01T00:49:23","slug":"taki-pejzaz","status":"publish","type":"page","link":"http:\/\/demarczyk.pl\/wp\/taki-pejzaz\/","title":{"rendered":"Taki pejza\u017c"},"content":{"rendered":"<p><strong><em>Andrzej Szmidt<\/em><\/strong><br \/>\n&nbsp;<br \/>\n&nbsp;<br \/>\nPsy kulawe<br \/>\nstroj\u0105 drogi<br \/>\ndiabe\u0142 dziewkom<br \/>\npl\u0105cze nogi<br \/>\nptaki drzewom<br \/>\nkwiaty czerni\u0105<br \/>\npo marzeniach<br \/>\ntrupy biegn\u0105<br \/>\n&nbsp;<br \/>\ntaki pejza\u017c<br \/>\ntaki pejza\u017c<br \/>\n&nbsp;<br \/>\nrzadko zbrodniarz<br \/>\n\u0142z\u0105 zap\u0142acze<br \/>\n\u015blepy \u017cebrak<br \/>\nznajdzie prac\u0119<br \/>\nbosy rycerz<br \/>\nlaur<br \/>\n&nbsp;<br \/>\ntaki pejza\u017c<br \/>\ntaki pejza\u017c<br \/>\n&nbsp;<br \/>\nwiatry siej\u0105<br \/>\nsosny krzywe<br \/>\nnieprzydatne<br \/>\na prawdziwe<br \/>\n&nbsp;<br \/>\ng\u0142upek piosnk\u0119<br \/>\nz nich wyg\u0142adzi<br \/>\nsnem napoi<br \/>\ngwiazdk\u0119 zdradzi<br \/>\nb\u0119dzie pejza\u017c<br \/>\n\u015bpiewny rzewny<br \/>\n&nbsp;<br \/>\ntaki pejza\u017c<br \/>\ntaki pejza\u017c<\/p>\n<hr noshade=\"noshade\" \/>\n<p><br class=\"clear\" \/><a href=\".?page_id=355#Taki pejza\u017c\"><button style=\"font-size: 12px;\"><i class=\"fa fa-reply\"><\/i> <strong><em>Powr\u00f3t<\/em><\/strong><\/button><\/a><\/p>\n","protected":false},"excerpt":{"rendered":"<p>Andrzej Szmidt &nbsp; &nbsp; Psy kulawe stroj\u0105 drogi diabe\u0142 dziewkom pl\u0105cze nogi ptaki drzewom kwiaty czerni\u0105 po marzeniach trupy biegn\u0105 &nbsp; taki pejza\u017c taki pejza\u017c &nbsp; rzadko zbrodniarz \u0142z\u0105 zap\u0142acze \u015blepy \u017cebrak znajdzie prac\u0119 bosy rycerz laur &nbsp; taki pejza\u017c taki pejza\u017c &nbsp; wiatry siej\u0105 sosny krzywe nieprzydatne a prawdziwe &nbsp; g\u0142upek piosnk\u0119 z nich wyg\u0142adzi snem napoi gwiazdk\u0119 zdradzi b\u0119dzie pejza\u017c \u015bpiewny rzewny &nbsp; taki pejza\u017c taki pejza\u017c Powr\u00f3t<\/p>\n","protected":false},"author":1,"featured_media":0,"parent":0,"menu_order":0,"comment_status":"closed","ping_status":"closed","template":"","meta":[],"_links":{"self":[{"href":"http:\/\/demarczyk.pl\/wp\/wp-json\/wp\/v2\/pages\/741"}],"collection":[{"href":"http:\/\/demarczyk.pl\/wp\/wp-json\/wp\/v2\/pages"}],"about":[{"href":"http:\/\/demarczyk.pl\/wp\/wp-json\/wp\/v2\/types\/page"}],"author":[{"embeddable":true,"href":"http:\/\/demarczyk.pl\/wp\/wp-json\/wp\/v2\/users\/1"}],"replies":[{"embeddable":true,"href":"http:\/\/demarczyk.pl\/wp\/wp-json\/wp\/v2\/comments?post=741"}],"version-history":[{"count":1,"href":"http:\/\/demarczyk.pl\/wp\/wp-json\/wp\/v2\/pages\/741\/revisions"}],"predecessor-version":[{"id":742,"href":"http:\/\/demarczyk.pl\/wp\/wp-json\/wp\/v2\/pages\/741\/revisions\/742"}],"wp:attachment":[{"href":"http:\/\/demarczyk.pl\/wp\/wp-json\/wp\/v2\/media?parent=741"}],"curies":[{"name":"wp","href":"https:\/\/api.w.org\/{rel}","templated":true}]}}