{"id":718,"date":"2016-02-29T23:57:40","date_gmt":"2016-02-29T23:57:40","guid":{"rendered":"http:\/\/ein-shop.pl\/wp\/?page_id=718"},"modified":"2016-02-29T23:58:56","modified_gmt":"2016-02-29T23:58:56","slug":"ronda-del-fuego","status":"publish","type":"page","link":"http:\/\/demarczyk.pl\/wp\/ronda-del-fuego\/","title":{"rendered":"Ronda del fuego"},"content":{"rendered":"<p><strong><em>Gabriela Mistral<\/em><\/strong><br \/>\n&nbsp;<br \/>\n<t style=\"padding-left: 90px;\"> <em>A Gabriel Tomic<\/em><\/t><br \/>\n&nbsp;<br \/>\n&nbsp;<br \/>\nFlor eterna de cien hojas,<br \/>\nfucsia llena de denuedo,<br \/>\nflor en tierra no sembrada,<br \/>\nque mentamos flor del fuego<br \/>\n&nbsp;<br \/>\n<t style=\"padding-left: 50px;\">            <em>Esta roja flor la dan<\/t><br \/>\nen la noche de San Juan.<\/em><br \/>\n&nbsp;<br \/>\n<t style=\"padding-left: 50px;\">            Flor que corre como el gamo<\/t><br \/>\ncon la lengua sin jadeo,<br \/>\nflor que se abre con la noche,<br \/>\nrepentina flor del fuego.<br \/>\n&nbsp;<br \/>\n<t style=\"padding-left: 50px;\"><em>            Esta flor es la que dan<\/t><br \/>\nen la noche de San Juan.<\/em><br \/>\n&nbsp;<br \/>\n<t style=\"padding-left: 50px;\">            Flor en tierra no sembrada,<\/t><br \/>\nflor sin \u00e1rbol, flor sin riego,<br \/>\nel tu amor est\u00e1 en la tierra<br \/>\ny el tu tallo est\u00e1 en los cielos.<br \/>\n&nbsp;<br \/>\n<t style=\"padding-left: 50px;\">            <em>Esta flor cortan y dan<\/t><br \/>\nEn la noche de San Juan.<\/em><br \/>\n&nbsp;<br \/>\n <t style=\"padding-left: 50px;\">           Flor que sueltan le\u00f1adores<\/t><br \/>\ncontra bestia y contra miedo;<br \/>\nflor que mata a los fantasmas,<br \/>\n\u00a1 voladora flor del fuego. !<br \/>\n&nbsp;<br \/>\n <t style=\"padding-left: 50px;\">           <em>\u00a1 Esta roja flor la dan<\/t><br \/>\nEn la noche de San Juan. !<\/em><br \/>\n&nbsp;<br \/>\n<t style=\"padding-left: 50px;\">            Yo te enciendo, t\u00fa me llevas;<\/t><br \/>\nyo te celo y te mantengo.<br \/>\nCu\u00e1nto amor que nos tuviste<br \/>\n\u00a1 flor ca\u00edda, flor del fuego !<br \/>\n&nbsp;<br \/>\n<t style=\"padding-left: 50px;\">            <em>Esta flor cortan y dan<\/t><br \/>\nen la noche de San Juan.<br \/>\n<\/em><\/p>\n<hr noshade=\"noshade\" \/>\n<p><br class=\"clear\" \/><a href=\".?page_id=355#Ronda del fuego\"><button style=\"font-size: 12px;\"><i class=\"fa fa-reply\"><\/i> <strong><em>Powr\u00f3t<\/em><\/strong><\/button><\/a><\/p>\n","protected":false},"excerpt":{"rendered":"<p>Gabriela Mistral &nbsp; A Gabriel Tomic &nbsp; &nbsp; Flor eterna de cien hojas, fucsia llena de denuedo, flor en tierra no sembrada, que mentamos flor del fuego &nbsp; Esta roja flor la dan en la noche de San Juan. &nbsp; Flor que corre como el gamo con la lengua sin jadeo, flor que se abre con la noche, repentina flor del fuego. &nbsp; Esta flor es la que dan en la noche de San Juan. &nbsp; Flor en tierra no sembrada, flor sin \u00e1rbol, flor sin riego, el tu amor est\u00e1 en la tierra y el tu tallo est\u00e1 en los cielos. &nbsp; Esta flor cortan y dan En la [&hellip;]<\/p>\n","protected":false},"author":1,"featured_media":0,"parent":0,"menu_order":0,"comment_status":"closed","ping_status":"closed","template":"","meta":[],"_links":{"self":[{"href":"http:\/\/demarczyk.pl\/wp\/wp-json\/wp\/v2\/pages\/718"}],"collection":[{"href":"http:\/\/demarczyk.pl\/wp\/wp-json\/wp\/v2\/pages"}],"about":[{"href":"http:\/\/demarczyk.pl\/wp\/wp-json\/wp\/v2\/types\/page"}],"author":[{"embeddable":true,"href":"http:\/\/demarczyk.pl\/wp\/wp-json\/wp\/v2\/users\/1"}],"replies":[{"embeddable":true,"href":"http:\/\/demarczyk.pl\/wp\/wp-json\/wp\/v2\/comments?post=718"}],"version-history":[{"count":2,"href":"http:\/\/demarczyk.pl\/wp\/wp-json\/wp\/v2\/pages\/718\/revisions"}],"predecessor-version":[{"id":720,"href":"http:\/\/demarczyk.pl\/wp\/wp-json\/wp\/v2\/pages\/718\/revisions\/720"}],"wp:attachment":[{"href":"http:\/\/demarczyk.pl\/wp\/wp-json\/wp\/v2\/media?parent=718"}],"curies":[{"name":"wp","href":"https:\/\/api.w.org\/{rel}","templated":true}]}}