{"id":664,"date":"2016-02-29T17:50:58","date_gmt":"2016-02-29T17:50:58","guid":{"rendered":"http:\/\/ein-shop.pl\/wp\/?page_id=664"},"modified":"2016-02-29T17:50:58","modified_gmt":"2016-02-29T17:50:58","slug":"palma-sola","status":"publish","type":"page","link":"http:\/\/demarczyk.pl\/wp\/palma-sola\/","title":{"rendered":"Palma sola"},"content":{"rendered":"<p><strong><em>Nicol\u00e1s Guill\u00e9n<\/em><\/strong><br \/>\n&nbsp;<br \/>\n&nbsp;<br \/>\nLa palma que est\u00e1 en el patio,<br \/>\nnaci\u00f3 sola;<br \/>\ncreci\u00f3 sin que yo la viera,<br \/>\ncreci\u00f3 sola;<br \/>\nbajo la luna y el sol,<br \/>\nvive sola.<br \/>\n&nbsp;<br \/>\nCon su largo cuerpo fijo,<br \/>\npalma sola,<br \/>\nsola en el patio sellado,<br \/>\nsiempre sola,<br \/>\nguardi\u00e1n del atardecer,<br \/>\nsue\u00f1a sola.<br \/>\nLa palma sola so\u00f1ando,<br \/>\npalma sola,<br \/>\n&nbsp;<br \/>\nque va libre por el viento,<br \/>\nlibre y sola,<br \/>\nsuelta de ra\u00edz y tierra,<br \/>\nsuelta y sola,<br \/>\ncazadora de las nubes,<br \/>\npalma sola,<br \/>\npalma sola,<br \/>\npalma.<\/p>\n<hr noshade=\"noshade\" \/>\n<p><br class=\"clear\" \/><a href=\".?page_id=355#Palma sola\"><button style=\"font-size: 12px;\"><i class=\"fa fa-reply\"><\/i> <strong><em>Powr\u00f3t<\/em><\/strong><\/button><\/a><\/p>\n","protected":false},"excerpt":{"rendered":"<p>Nicol\u00e1s Guill\u00e9n &nbsp; &nbsp; La palma que est\u00e1 en el patio, naci\u00f3 sola; creci\u00f3 sin que yo la viera, creci\u00f3 sola; bajo la luna y el sol, vive sola. &nbsp; Con su largo cuerpo fijo, palma sola, sola en el patio sellado, siempre sola, guardi\u00e1n del atardecer, sue\u00f1a sola. La palma sola so\u00f1ando, palma sola, &nbsp; que va libre por el viento, libre y sola, suelta de ra\u00edz y tierra, suelta y sola, cazadora de las nubes, palma sola, palma sola, palma. Powr\u00f3t<\/p>\n","protected":false},"author":1,"featured_media":0,"parent":0,"menu_order":0,"comment_status":"closed","ping_status":"closed","template":"","meta":[],"_links":{"self":[{"href":"http:\/\/demarczyk.pl\/wp\/wp-json\/wp\/v2\/pages\/664"}],"collection":[{"href":"http:\/\/demarczyk.pl\/wp\/wp-json\/wp\/v2\/pages"}],"about":[{"href":"http:\/\/demarczyk.pl\/wp\/wp-json\/wp\/v2\/types\/page"}],"author":[{"embeddable":true,"href":"http:\/\/demarczyk.pl\/wp\/wp-json\/wp\/v2\/users\/1"}],"replies":[{"embeddable":true,"href":"http:\/\/demarczyk.pl\/wp\/wp-json\/wp\/v2\/comments?post=664"}],"version-history":[{"count":1,"href":"http:\/\/demarczyk.pl\/wp\/wp-json\/wp\/v2\/pages\/664\/revisions"}],"predecessor-version":[{"id":665,"href":"http:\/\/demarczyk.pl\/wp\/wp-json\/wp\/v2\/pages\/664\/revisions\/665"}],"wp:attachment":[{"href":"http:\/\/demarczyk.pl\/wp\/wp-json\/wp\/v2\/media?parent=664"}],"curies":[{"name":"wp","href":"https:\/\/api.w.org\/{rel}","templated":true}]}}