{"id":195,"date":"2016-02-07T02:09:18","date_gmt":"2016-02-07T02:09:18","guid":{"rendered":"http:\/\/ein-shop.pl\/wp\/?page_id=195"},"modified":"2016-02-29T17:17:27","modified_gmt":"2016-02-29T17:17:27","slug":"zlota-kolekcja","status":"publish","type":"page","link":"http:\/\/demarczyk.pl\/wp\/zlota-kolekcja\/","title":{"rendered":"Z\u0142ota kolekcja"},"content":{"rendered":"<p style=\"text-align: justify;\"><strong>POMATON-EMI<\/strong><\/p>\n<p style=\"text-align: justify;\">Nied\u0142ugo za\u015bpiewamy: Sto lat ! A przecie\u017c zacz\u0105\u0142 si\u0119 dopiero pi\u0105ty rok, odk\u0105d zacz\u0119\u0142a si\u0119 ukazywa\u0107 nasza wyj\u0105tkowa <b>Z\u0142ota Kolekcja<\/b>. Doprawdy, trudno w to uwierzy\u0107, ale wydali\u015bmy ju\u017c do tej pory 103 tytu\u0142y, tak wi\u0119c dzi\u0119ki ostatniej, ubieg\u0142orocznej serii (listopad 2002 roku) przekroczyli\u015bmy imponuj\u0105c\u0105 liczb\u0119 stu kolekcjonerskich edycji ! Ju\u017c w marcu tego roku cztery nowe tytu\u0142y &#8211; p\u0142yty <b>Jacka Kaczmarskiego, Universe, Justyny Steczkowskiej<\/b> i <b>Starego Dobrego Ma\u0142\u017ce\u0144stwa<\/b>. A czy mamy prawo do dumy ? Owszem, ale nie z powodu liczb. O\u00a0powodzeniu naszej serii decydujecie przecie\u017c Wy, Kolekcjonerzy najlepszej polskiej muzyki, a jest ich wielu. I to na ca\u0142ym \u015bwiecie ! Otrzymujemy listy i maile bez ma\u0142a ze wszystkich kontynent\u00f3w. Taki jest zasi\u0119g naszej Z\u0142otej Kolekcji, taka jest jej fama. Po czterech latach pracy specjalist\u00f3w oraz pasjonat\u00f3w mo\u017cemy ju\u017c \u015bmia\u0142o powiedzie\u0107, \u017ce stworzyli\u015bmy &#8220;kanon polskiej piosenki&#8221;. I to kanon wiecznie \u017cywy.<\/p>\n<p>Nie dokonaliby\u015bmy tego sami. Wsp\u00f3\u0142pracujemy z Polskim Radiem S.A., RMF FM i dziennikiem Rzeczpospolita. Wa\u017cnym partnerem medialnym jest portal INTERIA.pl. Dzi\u0119kujemy naszym partnerom za owocn\u0105 wsp\u00f3\u0142prac\u0119, Kolekcjonerom za entuzjazm.<\/p>\n<p>Tym razem w Z\u0142otej Kolekcji kilka bardzo r\u00f3\u017cnych, ale niezwykle ciekawych album\u00f3w.<\/p>\n<p>Najwa\u017cniejszym jest p\u0142yta naszego Jacka Kaczmarskiego. S\u0105dz\u0119, \u017ce mog\u0119 tak powiedzie\u0107 o Arty\u015bcie, kt\u00f3rego album &#8220;Live&#8221; z 1990 roku nosi\u0142 numer POM 001, czyli by\u0142 pierwsz\u0105 p\u0142yt\u0105 kompaktow\u0105 w katalogu Kompanii Muzycznej Pomaton EMI. Dzi\u0119kujemy Ci Jacku za ten i wszystkie poprzednie albumy i trzymamy kciuki za Twoje zdrowie!<\/p>\n<p>Drugi album z poetyckich po\u015bwi\u0119camy grupie Stare Dobre Ma\u0142\u017ce\u0144stwo. To jeden z kultowych zespo\u0142\u00f3w w\u015br\u00f3d m\u0142odzie\u017cy, kt\u00f3ra od lat zape\u0142nia wszelkie sale podczas ich koncert\u00f3w, natomiast zakupami p\u0142yt i kaset powoduje kolejne Z\u0142ote P\u0142yty zespo\u0142u. Lider &#8211; Krzysztof Myszkowski blisko 2 lata nie chcia\u0142 si\u0119 zgodzi\u0107 na p\u0142yt\u0119 w naszej serii! S\u0105dzi\u0142 z kolegami, \u017ce fani nie zechc\u0105 takiego albumu, gdzie wszystko jest znane. Ot\u00f3\u017c fani z pewno\u015bci\u0105 wybacz\u0105, do tej pory mieli k\u0142opot, kt\u00f3r\u0105 p\u0142yt\u0119 zabra\u0107 w podr\u00f3\u017c. Wezm\u0105 t\u0119 ze Z\u0142otej Kolekcji. A my, fani polskiej muzyki w og\u00f3le, mamy na naszych p\u00f3\u0142kach wreszcie i &#8220;eS De eM&#8221;! Dzi\u0119ki Krzychu!<\/p>\n<p>Universe te\u017c si\u0119 nie spodziewa\u0142em! Bez zespo\u0142u Mirka Bregu\u0142y nasza Kolekcja by\u0142aby kulawa. Wiem, \u017ce Mirkowi zawsze zale\u017ca\u0142o na tej p\u0142ycie nie mniej ni\u017c Pomatonowi. Dlatego dzi\u0119kuj\u0119 firmie Silverton, za dobr\u0105 wol\u0119 i mo\u017cliwo\u015b\u0107 doprowadzenia tego projektu do szcz\u0119\u015bliwego ko\u0144ca. Pozdrawiam Ci\u0119 Mirku!<\/p>\n<p>No i Justyna! Jej pocz\u0105tek z Grzegorzem Ciechowskim by\u0142 piorunuj\u0105cy. Z\u00a0p\u00f3\u017aniejsze p\u0142ytami Dziewczyny Szamana bywa\u0142o r\u00f3\u017cnie, ale &#8220;Alkimja&#8221; z 2002 roku rozpocz\u0119\u0142a powr\u00f3t Justyny Steczkowskiej na nale\u017cne jej w polskiej fonografii miejsce. Niech wi\u0119c album w Z\u0142otej Kolekcji b\u0119dzie podsumowaniem pierwszego, m\u0142odzie\u0144czego okresu Twojej Justyno tw\u00f3rczo\u015bci. I \u017cycz\u0119 Ci, by ta p\u0142yta nie by\u0142a w twoim dorobku ani ostatnia, ani najlepsza&#8230;<\/p>\n<p>To na razie tyle. Jak na pocz\u0105tek roku chyba nie\u017ale, prawda? Zaraz, a czyjej p\u0142yty jeszcze nie by\u0142o i kto si\u0119 wci\u0105\u017c zastanawia? Oczywi\u015bcie! Wkr\u00f3tce zadzwoni\u0119 do Pana Paw\u0142a Rynkiewicza, menad\u017cera Pani Ewy Demarczyk! Ile to my ju\u017c lat Panie Pawle rozmawiamy? Te\u017c nie pami\u0119tam, ale mi\u0142o wspominam nasze z Panem rozmowy. Chc\u0119 by Pan wiedzia\u0142, \u017ce bez p\u0142yty Pani Ewy Demarczyk edycji Z\u0142otej Kolekcji nigdy nie b\u0119d\u0119 m\u00f3g\u0142 uzna\u0107 za zako\u0144czon\u0105. I\u00a0wiem, \u017ce pisz\u0119 to w imieniu wszystkich mi\u0142o\u015bnik\u00f3w talentu Pani Ewy. Prosz\u0119 w\u00a0imieniu nas wszystkich pozdrowi\u0107 Pani\u0105 Ew\u0119 Demarczyk bardzo serdecznie, i\u00a0powiedzie\u0107, \u017ce wci\u0105\u017c czekamy na Jej p\u0142yt\u0119&#8230;<br \/>\n&nbsp;<br \/>\nT.Kolekcjoner<br \/>\n(marzec, 2003)<\/p>\n<hr noshade=\"noshade\" \/>\n","protected":false},"excerpt":{"rendered":"<p>POMATON-EMI Nied\u0142ugo za\u015bpiewamy: Sto lat ! A przecie\u017c zacz\u0105\u0142 si\u0119 dopiero pi\u0105ty rok, odk\u0105d zacz\u0119\u0142a si\u0119 ukazywa\u0107 nasza wyj\u0105tkowa Z\u0142ota Kolekcja. Doprawdy, trudno w to uwierzy\u0107, ale wydali\u015bmy ju\u017c do tej pory 103 tytu\u0142y, tak wi\u0119c dzi\u0119ki ostatniej, ubieg\u0142orocznej serii (listopad 2002 roku) przekroczyli\u015bmy imponuj\u0105c\u0105 liczb\u0119 stu kolekcjonerskich edycji ! Ju\u017c w marcu tego roku cztery nowe tytu\u0142y &#8211; p\u0142yty Jacka Kaczmarskiego, Universe, Justyny Steczkowskiej i Starego Dobrego Ma\u0142\u017ce\u0144stwa. A czy mamy prawo do dumy ? Owszem, ale nie z powodu liczb. O\u00a0powodzeniu naszej serii decydujecie przecie\u017c Wy, Kolekcjonerzy najlepszej polskiej muzyki, a jest ich wielu. I to na ca\u0142ym \u015bwiecie ! Otrzymujemy listy i maile bez ma\u0142a ze wszystkich [&hellip;]<\/p>\n","protected":false},"author":1,"featured_media":0,"parent":0,"menu_order":0,"comment_status":"closed","ping_status":"closed","template":"","meta":[],"_links":{"self":[{"href":"http:\/\/demarczyk.pl\/wp\/wp-json\/wp\/v2\/pages\/195"}],"collection":[{"href":"http:\/\/demarczyk.pl\/wp\/wp-json\/wp\/v2\/pages"}],"about":[{"href":"http:\/\/demarczyk.pl\/wp\/wp-json\/wp\/v2\/types\/page"}],"author":[{"embeddable":true,"href":"http:\/\/demarczyk.pl\/wp\/wp-json\/wp\/v2\/users\/1"}],"replies":[{"embeddable":true,"href":"http:\/\/demarczyk.pl\/wp\/wp-json\/wp\/v2\/comments?post=195"}],"version-history":[{"count":3,"href":"http:\/\/demarczyk.pl\/wp\/wp-json\/wp\/v2\/pages\/195\/revisions"}],"predecessor-version":[{"id":199,"href":"http:\/\/demarczyk.pl\/wp\/wp-json\/wp\/v2\/pages\/195\/revisions\/199"}],"wp:attachment":[{"href":"http:\/\/demarczyk.pl\/wp\/wp-json\/wp\/v2\/media?parent=195"}],"curies":[{"name":"wp","href":"https:\/\/api.w.org\/{rel}","templated":true}]}}