{"id":1119,"date":"2016-03-21T01:18:07","date_gmt":"2016-03-21T01:18:07","guid":{"rendered":"http:\/\/demarczyk.pl\/wp\/?page_id=1119"},"modified":"2016-03-22T20:43:31","modified_gmt":"2016-03-22T20:43:31","slug":"repertuar","status":"publish","type":"page","link":"http:\/\/demarczyk.pl\/wp\/repertuar\/","title":{"rendered":"Repertuar"},"content":{"rendered":"<p>&nbsp;<\/p>\n<p><strong>Kupcie szczeniaka<\/strong><br \/>\nAutor tekstu: Tadeusz \u015aliwiak, muzyka: Lucjan Kaszycki<br \/>\n<em>27 czerwca 1964 roku. II Krajowy Festiwal Polskiej Piosenki w Opolu.<br \/>\nRecital w Szkole Muzycznej.<\/em><\/p>\n<p><iframe loading=\"lazy\" width=\"500\" height=\"281\" src=\"https:\/\/www.youtube.com\/embed\/RHStfHXga9w?feature=oembed\" frameborder=\"0\" allowfullscreen><\/iframe><\/p>\n<p>&nbsp;<\/p>\n<p>&nbsp;<\/p>\n<p><strong>Opuszczony dom<\/strong><br \/>\nAutor tekstu: Wies\u0142aw Dymny, muzyka: Adam Nowak<br \/>\n<em>27 czerwca 1964 roku. II Krajowy Festiwal Polskiej Piosenki w Opolu.<br \/>\nRecital w Szkole Muzycznej.<\/em><\/p>\n<p><iframe loading=\"lazy\" width=\"500\" height=\"375\" src=\"https:\/\/www.youtube.com\/embed\/R4H3Jbl4wOU?feature=oembed\" frameborder=\"0\" allowfullscreen><\/iframe><\/p>\n<p>&nbsp;<\/p>\n<p>&nbsp;<\/p>\n<p><strong>Groszki i r\u00f3\u017ce<\/strong><br \/>\n<em>27 czerwca 1964 roku. II Krajowy Festiwal Polskiej Piosenki w Opolu.<br \/>\nRecital w Szkole Muzycznej.<\/em><\/p>\n<p><iframe loading=\"lazy\" width=\"500\" height=\"281\" src=\"https:\/\/www.youtube.com\/embed\/RfGfArbBGGk?feature=oembed\" frameborder=\"0\" allowfullscreen><\/iframe><\/p>\n<p>&nbsp;<\/p>\n<p>&nbsp;<\/p>\n<p><strong>Z r\u0119k\u0105 na gardle<\/strong><br \/>\nAutor tekstu: Jerzy Skolimowski, muzyka: Krzysztof Komeda<br \/>\n<em>muzyka z filmu &#8220;Bariera&#8221;(re\u017c. Jerzy Skolimowski)<\/em><\/p>\n<p><iframe loading=\"lazy\" width=\"500\" height=\"375\" src=\"https:\/\/www.youtube.com\/embed\/pyXN8rlprB4?feature=oembed\" frameborder=\"0\" allowfullscreen><\/iframe><\/p>\n<p>&nbsp;<\/p>\n<p>&nbsp;<\/p>\n<p><strong>Ballada o cudownych narodzinach Boles\u0142awa Krzywoustego <\/strong><br \/>\n(TVP 1966)<\/p>\n<p><iframe loading=\"lazy\" width=\"500\" height=\"375\" src=\"https:\/\/www.youtube.com\/embed\/zPLO03h7o_I?feature=oembed\" frameborder=\"0\" allowfullscreen><\/iframe><\/p>\n<p>&nbsp;<\/p>\n<p>&nbsp;<\/p>\n<p><strong>Samotno\u015b\u0107 <\/strong><br \/>\n(TVP 1966)<\/p>\n<p><iframe loading=\"lazy\" width=\"500\" height=\"375\" src=\"https:\/\/www.youtube.com\/embed\/2wmQQLrOJeo?feature=oembed\" frameborder=\"0\" allowfullscreen><\/iframe><\/p>\n<p>&nbsp;<\/p>\n<p>&nbsp;<\/p>\n<p><strong>Pie\u015b\u0144 nad Pie\u015bniami<\/strong><br \/>\nBruksela 69<\/p>\n<p><iframe loading=\"lazy\" width=\"500\" height=\"375\" src=\"https:\/\/www.youtube.com\/embed\/-_ussV5bhKU?feature=oembed\" frameborder=\"0\" allowfullscreen><\/iframe><\/p>\n<p>&nbsp;<\/p>\n<p>&nbsp;<\/p>\n<p><strong>Grande Valse Brillante<\/strong><br \/>\nfilm Jan Laskowski 1970<\/p>\n<p><iframe loading=\"lazy\" width=\"500\" height=\"375\" src=\"https:\/\/www.youtube.com\/embed\/qg6nDLFONeQ?feature=oembed\" frameborder=\"0\" allowfullscreen><\/iframe><\/p>\n<p>&nbsp;<\/p>\n<p>&nbsp;<\/p>\n<p><strong>Groszki ir\u00f3\u017ce<\/strong><br \/>\nfilm Jan Laskowski 1970<\/p>\n<p><iframe loading=\"lazy\" width=\"500\" height=\"375\" src=\"https:\/\/www.youtube.com\/embed\/R9uJOeDgaiY?feature=oembed\" frameborder=\"0\" allowfullscreen><\/iframe><\/p>\n<p>&nbsp;<\/p>\n<p>&nbsp;<\/p>\n<p><strong>N\u00e4he des Geliebten <\/strong><br \/>\nWyst\u0119p w Berlinie w programie &#8220;Liedercircus&#8221; (ZDF 27.8.1977 &#8211; live)<\/p>\n<p><iframe loading=\"lazy\" width=\"500\" height=\"375\" src=\"https:\/\/www.youtube.com\/embed\/7AQHsKlVfUI?feature=oembed\" frameborder=\"0\" allowfullscreen><\/iframe><\/p>\n<p>&nbsp;<\/p>\n<p>&nbsp;<\/p>\n<p><strong>Karuzela z Madonnami<\/strong><br \/>\nWyst\u0119p w Berlinie w programie &#8220;Liedercircus&#8221; (ZDF 27.8.1977 &#8211; live)<\/p>\n<p><iframe loading=\"lazy\" width=\"500\" height=\"375\" src=\"https:\/\/www.youtube.com\/embed\/F66VAO-7FNQ?feature=oembed\" frameborder=\"0\" allowfullscreen><\/iframe><\/p>\n<p>&nbsp;<\/p>\n<p>&nbsp;<\/p>\n<p><strong>Skrzypek Hercowicz<\/strong><br \/>\n<em>amatorskie nagranie ze spektaklu w Szczecinie w lutym 1999 roku.<\/em><\/p>\n<p><iframe loading=\"lazy\" width=\"500\" height=\"281\" src=\"https:\/\/www.youtube.com\/embed\/cEIQJrHICFY?feature=oembed\" frameborder=\"0\" allowfullscreen><\/iframe><\/p>\n<p>&nbsp;<\/p>\n<p>&nbsp;<\/p>\n<p><strong>Time Long Past<\/strong><br \/>\n<em>amatorskie nagranie ze spektaklu w Szczecinie w lutym 1999 roku.<\/em><\/p>\n<p><iframe loading=\"lazy\" width=\"500\" height=\"281\" src=\"https:\/\/www.youtube.com\/embed\/lNzGrFdU2Bs?feature=oembed\" frameborder=\"0\" allowfullscreen><\/iframe><\/p>\n<p>&nbsp;<\/p>\n<p>&nbsp;<\/p>\n<p><strong>Imi\u0119 Twoje<\/strong><\/p>\n<p><iframe loading=\"lazy\" width=\"500\" height=\"375\" src=\"https:\/\/www.youtube.com\/embed\/v6Vc8J5UiFU?feature=oembed\" frameborder=\"0\" allowfullscreen><\/iframe><\/p>\n<p>&nbsp;<\/p>\n<p>&nbsp;<\/p>\n<p><strong>Babuni<\/strong><\/p>\n<p><iframe loading=\"lazy\" width=\"500\" height=\"375\" src=\"https:\/\/www.youtube.com\/embed\/S1TcAgzg9rg?feature=oembed\" frameborder=\"0\" allowfullscreen><\/iframe><br \/>\n&nbsp;<\/p>\n<p>&nbsp;<\/p>\n","protected":false},"excerpt":{"rendered":"<p>&nbsp; Kupcie szczeniaka Autor tekstu: Tadeusz \u015aliwiak, muzyka: Lucjan Kaszycki 27 czerwca 1964 roku. II Krajowy Festiwal Polskiej Piosenki w Opolu. Recital w Szkole Muzycznej. &nbsp; &nbsp; Opuszczony dom Autor tekstu: Wies\u0142aw Dymny, muzyka: Adam Nowak 27 czerwca 1964 roku. II Krajowy Festiwal Polskiej Piosenki w Opolu. Recital w Szkole Muzycznej. &nbsp; &nbsp; Groszki i r\u00f3\u017ce 27 czerwca 1964 roku. II Krajowy Festiwal Polskiej Piosenki w Opolu. Recital w Szkole Muzycznej. &nbsp; &nbsp; Z r\u0119k\u0105 na gardle Autor tekstu: Jerzy Skolimowski, muzyka: Krzysztof Komeda muzyka z filmu &#8220;Bariera&#8221;(re\u017c. Jerzy Skolimowski) &nbsp; &nbsp; Ballada o cudownych narodzinach Boles\u0142awa Krzywoustego (TVP 1966) &nbsp; &nbsp; Samotno\u015b\u0107 (TVP 1966) &nbsp; &nbsp; Pie\u015b\u0144 nad Pie\u015bniami [&hellip;]<\/p>\n","protected":false},"author":1,"featured_media":0,"parent":0,"menu_order":0,"comment_status":"closed","ping_status":"closed","template":"","meta":[],"_links":{"self":[{"href":"http:\/\/demarczyk.pl\/wp\/wp-json\/wp\/v2\/pages\/1119"}],"collection":[{"href":"http:\/\/demarczyk.pl\/wp\/wp-json\/wp\/v2\/pages"}],"about":[{"href":"http:\/\/demarczyk.pl\/wp\/wp-json\/wp\/v2\/types\/page"}],"author":[{"embeddable":true,"href":"http:\/\/demarczyk.pl\/wp\/wp-json\/wp\/v2\/users\/1"}],"replies":[{"embeddable":true,"href":"http:\/\/demarczyk.pl\/wp\/wp-json\/wp\/v2\/comments?post=1119"}],"version-history":[{"count":3,"href":"http:\/\/demarczyk.pl\/wp\/wp-json\/wp\/v2\/pages\/1119\/revisions"}],"predecessor-version":[{"id":1148,"href":"http:\/\/demarczyk.pl\/wp\/wp-json\/wp\/v2\/pages\/1119\/revisions\/1148"}],"wp:attachment":[{"href":"http:\/\/demarczyk.pl\/wp\/wp-json\/wp\/v2\/media?parent=1119"}],"curies":[{"name":"wp","href":"https:\/\/api.w.org\/{rel}","templated":true}]}}